{"id":130,"date":"2025-08-02T13:52:44","date_gmt":"2025-08-02T11:52:44","guid":{"rendered":"http:\/\/fvbh.de\/?page_id=130"},"modified":"2025-08-02T13:54:47","modified_gmt":"2025-08-02T11:54:47","slug":"impressum-2","status":"publish","type":"page","link":"https:\/\/fvbh.de\/?page_id=130","title":{"rendered":"Impressum"},"content":{"rendered":"\n<p class=\"wp-block-paragraph\"><strong>Angaben gem\u00e4\u00df \u00a7 5 TMG<\/strong><br>F\u00f6rderverein f\u00fcr das Bonhoeffer-Haus Nordb\u00f6gge e. V., B\u00f6nen<br>Herrmannstra\u00dfe 4<br>59199 B\u00f6nen<br><br>Vertreten durch den<br>Detlef Belter<br>Claus Beuchel<br><br>Kontakt:<br>Email: &#100;b&#x40;e&#x6b;-&#x62;o&#x65;&#110;&#x65;&#110;&#x2e;&#100;&#x65;<\/p>\n\n\n\n<p class=\"wp-block-paragraph\"><strong>Registereintrag: <\/strong><br>Eintragung im Registergericht: Amtsgericht Hamm<br>Registernummer: VR 2162<\/p>\n\n\n\n<p class=\"wp-block-paragraph\"><strong>Verantwortlich f\u00fcr den Inhalt:<\/strong><\/p>\n\n\n\n<figure class=\"wp-block-image size-full\"><img loading=\"lazy\" decoding=\"async\" width=\"459\" height=\"104\" src=\"https:\/\/fvbh.de\/wp-content\/uploads\/2025\/06\/Adress.png\" alt=\"\" class=\"wp-image-93\" srcset=\"https:\/\/fvbh.de\/wp-content\/uploads\/2025\/06\/Adress.png 459w, https:\/\/fvbh.de\/wp-content\/uploads\/2025\/06\/Adress-300x68.png 300w\" sizes=\"auto, (max-width: 459px) 100vw, 459px\" \/><\/figure>\n\n\n\n<p class=\"wp-block-paragraph\"><strong>Haftung f\u00fcr Inhalte<\/strong><\/p>\n\n\n\n<p class=\"wp-block-paragraph\">Die Inhalte unserer Seiten wurden mit gr\u00f6\u00dfter Sorgfalt erstellt. F\u00fcr die Richtigkeit, Vollst\u00e4ndigkeit und Aktualit\u00e4t \u00fcbernehmen wir keine Gew\u00e4hr. Als Diensteanbieter sind wir gem\u00e4\u00df \u00a7 7 Abs. 1 TMG f\u00fcr eigene Inhalte verantwortlich. Eine Haftung f\u00fcr fremde Inhalte besteht erst ab dem Zeitpunkt der Kenntnis einer konkreten Rechtsverletzung. Bei Bekanntwerden entsprechender Rechtsverletzungen werden wir diese Inhalte umgehend entfernen.<\/p>\n\n\n\n<p class=\"wp-block-paragraph\"><strong>Haftung f\u00fcr Links<\/strong><\/p>\n\n\n\n<p class=\"wp-block-paragraph\">Unsere Website enth\u00e4lt Links zu externen Webseiten Dritter, auf deren Inhalte wir keinen Einfluss haben. F\u00fcr diese fremden Inhalte \u00fcbernehmen wir keine Gew\u00e4hr. Bei Bekanntwerden von Rechtsverletzungen werden wir derartige Links umgehend entfernen.<\/p>\n\n\n\n<p class=\"wp-block-paragraph\"><strong>Urheberrecht<\/strong><\/p>\n\n\n\n<p class=\"wp-block-paragraph\">Die durch uns erstellten Inhalte und Werke auf dieser Website unterliegen dem deutschen Urheberrecht. Die Vervielf\u00e4ltigung oder Verbreitung bedarf der vorherigen schriftlichen Zustimmung. Inhalte Dritter werden als solche gekennzeichnet.<\/p>\n","protected":false},"excerpt":{"rendered":"<p>Angaben gem\u00e4\u00df \u00a7 5 TMGF\u00f6rderverein f\u00fcr das Bonhoeffer-Haus Nordb\u00f6gge e. V., B\u00f6nenHerrmannstra\u00dfe 459199 B\u00f6nen Vertreten durch denDetlef BelterClaus Beuchel Kontakt:Email: d&#98;&#64;&#x65;&#x6b;-b&#111;&#101;&#x6e;&#x65;n&#46;&#100;&#101; Registereintrag: Eintragung im Registergericht: Amtsgericht HammRegisternummer: VR 2162 Verantwortlich f\u00fcr den Inhalt: Haftung f\u00fcr Inhalte Die Inhalte unserer Seiten &hellip; <a href=\"https:\/\/fvbh.de\/?page_id=130\">Weiterlesen <span class=\"meta-nav\">&rarr;<\/span><\/a><\/p>\n","protected":false},"author":2,"featured_media":0,"parent":0,"menu_order":0,"comment_status":"closed","ping_status":"closed","template":"","meta":{"_crdt_document":"","footnotes":""},"class_list":["post-130","page","type-page","status-publish","hentry"],"_links":{"self":[{"href":"https:\/\/fvbh.de\/index.php?rest_route=\/wp\/v2\/pages\/130","targetHints":{"allow":["GET"]}}],"collection":[{"href":"https:\/\/fvbh.de\/index.php?rest_route=\/wp\/v2\/pages"}],"about":[{"href":"https:\/\/fvbh.de\/index.php?rest_route=\/wp\/v2\/types\/page"}],"author":[{"embeddable":true,"href":"https:\/\/fvbh.de\/index.php?rest_route=\/wp\/v2\/users\/2"}],"replies":[{"embeddable":true,"href":"https:\/\/fvbh.de\/index.php?rest_route=%2Fwp%2Fv2%2Fcomments&post=130"}],"version-history":[{"count":2,"href":"https:\/\/fvbh.de\/index.php?rest_route=\/wp\/v2\/pages\/130\/revisions"}],"predecessor-version":[{"id":133,"href":"https:\/\/fvbh.de\/index.php?rest_route=\/wp\/v2\/pages\/130\/revisions\/133"}],"wp:attachment":[{"href":"https:\/\/fvbh.de\/index.php?rest_route=%2Fwp%2Fv2%2Fmedia&parent=130"}],"curies":[{"name":"wp","href":"https:\/\/api.w.org\/{rel}","templated":true}]}}