{"id":147,"date":"2025-08-09T10:28:25","date_gmt":"2025-08-09T08:28:25","guid":{"rendered":"https:\/\/fvbh.de\/?page_id=147"},"modified":"2025-08-09T10:32:19","modified_gmt":"2025-08-09T08:32:19","slug":"mitglied-werden-und-das-bonhoeffer-haus-erhalten","status":"publish","type":"page","link":"https:\/\/fvbh.de\/?page_id=147","title":{"rendered":"Mitglied werden \u2013 und das Bonhoeffer-Haus erhalten!"},"content":{"rendered":"\n<p class=\"wp-block-paragraph\">Das Bonhoeffer-Haus ist mehr als nur ein Geb\u00e4ude \u2013 es ist ein St\u00fcck Geschichte, ein Ort der Begegnung und ein Herzst\u00fcck unseres Dorflebens.<br>Damit es auch in Zukunft als Treffpunkt f\u00fcr Jung und Alt bestehen kann, braucht es Menschen, die sich daf\u00fcr einsetzen.<\/p>\n\n\n\n<p class=\"wp-block-paragraph\">Werde jetzt Mitglied im <strong>F\u00f6rderverein Bonhoeffer-Haus Nordb\u00f6gge e. V.<\/strong> und hilf mit, diesen besonderen Ort zu erhalten und weiterzuentwickeln.<br>Ob durch deine aktive Unterst\u00fctzung oder einfach durch deinen Mitgliedsbeitrag \u2013 jeder Beitrag z\u00e4hlt!<\/p>\n\n\n\n<p class=\"wp-block-paragraph\">\ud83d\udcc4 <strong>Hier kannst du den Aufnahmeantrag als PDF herunterladen:<\/strong><br><a href=\"https:\/\/fvbh.de\/?attachment_id=149\" data-type=\"link\" data-id=\"https:\/\/fvbh.de\/?attachment_id=149\" target=\"_blank\" rel=\"noreferrer noopener\">[Aufnahmeantrag F\u00f6rderverein Bonhoeffer-Haus Nordb\u00f6gge e. V.]<\/a><\/p>\n\n\n\n<p class=\"wp-block-paragraph\">\ud83d\udc49 Das Formular l\u00e4sst sich am PC oder Tablet ausf\u00fcllen und anschlie\u00dfend zur Unterschrift ausdrucken. Nat\u00fcrlich ist auch ein handschriftliches Ausf\u00fcllen m\u00f6glich.<\/p>\n\n\n\n<p class=\"wp-block-paragraph\">\ud83d\udcdc <strong>Unsere Satzung findest du hier:<\/strong><br>[Satzung des F\u00f6rderverein Bonhoeffer-Haus Nordb\u00f6gge e. V.]<\/p>\n\n\n\n<p class=\"wp-block-paragraph\">\ud83d\udd10 <strong>Informationen zur Verarbeitung deiner personenbezogenen Daten gem\u00e4\u00df Art. 13 &amp; 14 DSGVO findest du in unserer Datenschutzerkl\u00e4rung:<\/strong><br><a href=\"https:\/\/fvbh.de\/?page_id=89\">[Zur Datenschutzerkl\u00e4rung]<\/a><\/p>\n\n\n\n<p class=\"wp-block-paragraph\"><\/p>\n","protected":false},"excerpt":{"rendered":"<p>Das Bonhoeffer-Haus ist mehr als nur ein Geb\u00e4ude \u2013 es ist ein St\u00fcck Geschichte, ein Ort der Begegnung und ein Herzst\u00fcck unseres Dorflebens.Damit es auch in Zukunft als Treffpunkt f\u00fcr Jung und Alt bestehen kann, braucht es Menschen, die sich &hellip; <a href=\"https:\/\/fvbh.de\/?page_id=147\">Weiterlesen <span class=\"meta-nav\">&rarr;<\/span><\/a><\/p>\n","protected":false},"author":2,"featured_media":0,"parent":0,"menu_order":0,"comment_status":"closed","ping_status":"closed","template":"","meta":{"_crdt_document":"","footnotes":""},"class_list":["post-147","page","type-page","status-publish","hentry"],"_links":{"self":[{"href":"https:\/\/fvbh.de\/index.php?rest_route=\/wp\/v2\/pages\/147","targetHints":{"allow":["GET"]}}],"collection":[{"href":"https:\/\/fvbh.de\/index.php?rest_route=\/wp\/v2\/pages"}],"about":[{"href":"https:\/\/fvbh.de\/index.php?rest_route=\/wp\/v2\/types\/page"}],"author":[{"embeddable":true,"href":"https:\/\/fvbh.de\/index.php?rest_route=\/wp\/v2\/users\/2"}],"replies":[{"embeddable":true,"href":"https:\/\/fvbh.de\/index.php?rest_route=%2Fwp%2Fv2%2Fcomments&post=147"}],"version-history":[{"count":3,"href":"https:\/\/fvbh.de\/index.php?rest_route=\/wp\/v2\/pages\/147\/revisions"}],"predecessor-version":[{"id":151,"href":"https:\/\/fvbh.de\/index.php?rest_route=\/wp\/v2\/pages\/147\/revisions\/151"}],"wp:attachment":[{"href":"https:\/\/fvbh.de\/index.php?rest_route=%2Fwp%2Fv2%2Fmedia&parent=147"}],"curies":[{"name":"wp","href":"https:\/\/api.w.org\/{rel}","templated":true}]}}