{"id":5,"date":"2025-06-17T12:15:43","date_gmt":"2025-06-17T12:15:43","guid":{"rendered":"http:\/\/fvbh.de\/welcome-to-http-fvbh-de\/"},"modified":"2025-06-17T15:30:51","modified_gmt":"2025-06-17T13:30:51","slug":"welcome-to-http-fvbh-de","status":"publish","type":"page","link":"https:\/\/fvbh.de\/","title":{"rendered":"Herzlich willkommen auf der Internetseite des F\u00f6rdervereins Bonhoeffer-Haus Nordb\u00f6gge e. V."},"content":{"rendered":"\n<p class=\"wp-block-paragraph\"><\/p>\n\n\n\n<p class=\"wp-block-paragraph\">Das als Gemeindezentrum im Jahre 1969 eingeweihte Bonhoeffer-Haus ist ein Ort des Zusammentreffens von Jung und Alt und infolge der Bev\u00f6lkerungsentwicklung des Ortsteils Nordb\u00f6gge entstanden. In Zeiten knapper Kirchenkassen hat sich dieser F\u00f6rderverein gegr\u00fcndet, um diesen Ort als Begnegnungsst\u00e4tte zu erhalten, zu pflegen und auch weiterzuentwickeln. Es wird auch als \u201eGemeindehaus Nordb\u00f6gge\u201c bezeichnet und ist nun mittlerweile neben der kirchlichen Nutzung zum Dorfgemeinschaftshaus geworden.\u00a0<\/p>\n\n\n\n<figure class=\"wp-block-image size-full\"><img decoding=\"async\" src=\"https:\/\/fvbh.de\/wp-content\/uploads\/2025\/06\/Bonhoeffer_2-520x390-1.jpg\" alt=\"\" class=\"wp-image-20\"\/><\/figure>\n","protected":false},"excerpt":{"rendered":"<p>Das als Gemeindezentrum im Jahre 1969 eingeweihte Bonhoeffer-Haus ist ein Ort des Zusammentreffens von Jung und Alt und infolge der Bev\u00f6lkerungsentwicklung des Ortsteils Nordb\u00f6gge entstanden. In Zeiten knapper Kirchenkassen hat sich dieser F\u00f6rderverein gegr\u00fcndet, um diesen Ort als Begnegnungsst\u00e4tte zu &hellip; <a href=\"https:\/\/fvbh.de\/\">Weiterlesen <span class=\"meta-nav\">&rarr;<\/span><\/a><\/p>\n","protected":false},"author":2,"featured_media":0,"parent":0,"menu_order":0,"comment_status":"closed","ping_status":"closed","template":"","meta":{"_crdt_document":"","footnotes":""},"class_list":["post-5","page","type-page","status-publish","hentry"],"_links":{"self":[{"href":"https:\/\/fvbh.de\/index.php?rest_route=\/wp\/v2\/pages\/5","targetHints":{"allow":["GET"]}}],"collection":[{"href":"https:\/\/fvbh.de\/index.php?rest_route=\/wp\/v2\/pages"}],"about":[{"href":"https:\/\/fvbh.de\/index.php?rest_route=\/wp\/v2\/types\/page"}],"author":[{"embeddable":true,"href":"https:\/\/fvbh.de\/index.php?rest_route=\/wp\/v2\/users\/2"}],"replies":[{"embeddable":true,"href":"https:\/\/fvbh.de\/index.php?rest_route=%2Fwp%2Fv2%2Fcomments&post=5"}],"version-history":[{"count":1,"href":"https:\/\/fvbh.de\/index.php?rest_route=\/wp\/v2\/pages\/5\/revisions"}],"predecessor-version":[{"id":21,"href":"https:\/\/fvbh.de\/index.php?rest_route=\/wp\/v2\/pages\/5\/revisions\/21"}],"wp:attachment":[{"href":"https:\/\/fvbh.de\/index.php?rest_route=%2Fwp%2Fv2%2Fmedia&parent=5"}],"curies":[{"name":"wp","href":"https:\/\/api.w.org\/{rel}","templated":true}]}}