{"id":50,"date":"2025-06-17T16:42:34","date_gmt":"2025-06-17T14:42:34","guid":{"rendered":"http:\/\/fvbh.de\/?page_id=50"},"modified":"2025-06-18T10:55:28","modified_gmt":"2025-06-18T08:55:28","slug":"geschichte","status":"publish","type":"page","link":"https:\/\/fvbh.de\/?page_id=50","title":{"rendered":"Geschichte"},"content":{"rendered":"<div class=\"wp-block-image\">\n<figure class=\"aligncenter size-full\"><img loading=\"lazy\" decoding=\"async\" width=\"740\" height=\"493\" src=\"https:\/\/fvbh.de\/wp-content\/uploads\/2025\/06\/Bonhoeffer-740x493-1.jpg\" alt=\"\" class=\"wp-image-61\" srcset=\"https:\/\/fvbh.de\/wp-content\/uploads\/2025\/06\/Bonhoeffer-740x493-1.jpg 740w, https:\/\/fvbh.de\/wp-content\/uploads\/2025\/06\/Bonhoeffer-740x493-1-300x200.jpg 300w\" sizes=\"auto, (max-width: 740px) 100vw, 740px\" \/><figcaption class=\"wp-element-caption\">Bonhoeffer Haus im Jahr 2013<\/figcaption><\/figure>\n<\/div>\n\n\n<p class=\"wp-block-paragraph\">Eine besondere Bedeutung hatte das Jahr 1961 f\u00fcr die Gemeindemitglieder in Nordb\u00f6gge. Im September wurde der Kirchbauverein e.V. Nordb\u00f6gge gegr\u00fcndet. Infolge des Baus neuer Siedlungen und des Zuzugs vieler B\u00fcrger nach Nordb\u00f6gge war nach dem Kriegsende die Zahl der evangelischen Christen dort stark angestiegen. Ihren kirchlichen Belangen sollte darum noch mehr Beachtung und Unterst\u00fctzung zuteilwerden. Der Weg nach Altenb\u00f6gge konnte ihnen vielleicht zum sonnt\u00e4glichen Gottesdienst, nicht aber zu den \u00fcbrigen Veranstaltungen kirchlicher Gemeindekreise auf die Dauer zugemutet werden. Seit 1954\/55 hatte Nordb\u00f6gge zwar seine \u201eArche\u201c aber diese Baracke war nur eine Behelfsl\u00f6sung f\u00fcr kurze Zeit. In den folgenden Jahren befa\u00dfte sich das Presbyterium wiederholt mit diesem Problem. Am 29. Juli 1960 kaufte die Kirchengemeinde endlich ein 5.000 Quadratmeter gro\u00dfes Gel\u00e4nde an der Hubertstra\u00dfe in Nordb\u00f6gge, um hier ein Gemeindezentrum zu schaffen. Es sollte aus einem Pfarrhaus, einer Kirche mit Glockenturm, einem Gemeindehaus und einem Jugendheim bestehen. Durch regelm\u00e4\u00dfige Mitgliedsbeitr\u00e4ge und Spenden kamen schon im Verlauf der ersten sieben Monate seit Bestehen des Vereins 6.000 DM zusammen. Viereinhalb Jahre sp\u00e4ter waren es bereits 44.000 DM.<\/p>\n\n\n<div class=\"wp-block-image\">\n<figure class=\"aligncenter size-large\"><img loading=\"lazy\" decoding=\"async\" width=\"1024\" height=\"727\" src=\"https:\/\/fvbh.de\/wp-content\/uploads\/2025\/06\/Bonhoeffer_3-1-e1537719299552-1024x727.jpg\" alt=\"\" class=\"wp-image-63\" srcset=\"https:\/\/fvbh.de\/wp-content\/uploads\/2025\/06\/Bonhoeffer_3-1-e1537719299552-1024x727.jpg 1024w, https:\/\/fvbh.de\/wp-content\/uploads\/2025\/06\/Bonhoeffer_3-1-e1537719299552-300x213.jpg 300w, https:\/\/fvbh.de\/wp-content\/uploads\/2025\/06\/Bonhoeffer_3-1-e1537719299552-768x545.jpg 768w, https:\/\/fvbh.de\/wp-content\/uploads\/2025\/06\/Bonhoeffer_3-1-e1537719299552-1536x1091.jpg 1536w, https:\/\/fvbh.de\/wp-content\/uploads\/2025\/06\/Bonhoeffer_3-1-e1537719299552-2048x1454.jpg 2048w\" sizes=\"auto, (max-width: 1024px) 100vw, 1024px\" \/><figcaption class=\"wp-element-caption\">Bonhoeffer-Haus im Jahr 1969<\/figcaption><\/figure>\n<\/div>\n\n\n<p class=\"wp-block-paragraph\">Nachdem das Presbyterium am 19.11.1964 den einstimmigen Beschluss zur Errichtung eines Gemeindezentrums in Nordb\u00f6gge gefasst hatte, wurde ein Bauzuschuss gebildet, dem Presbyter Darenberg als Vorsitzender, Kirchmeister Pankauke, Presbyter Bennemann Pastor Herrmann und der B\u00fcrgermeister von Nordb\u00f6gge, Wilhelm Funke, angeh\u00f6rten. Die notwendigen Antr\u00e4ge auf Bezuschussung und Baugenehmigungen sollten baldigst gestellt werden. Insgesamt 750.000 DM waren f\u00fcr das gesamte Bauvorhaben veranschlagt worden. Am 03.08.1965 erteilte das Landeskirchenamt nach schwierigen Verhandlungen die Genehmigung f\u00fcr die Errichtung des Pfarrhauses in Nordb\u00f6gge. Im Rahmen des ersten Bauabschnitts f\u00fcr das k\u00fcnftige Gemeindezentrum Nordb\u00f6gge wurde noch im selben Jahr mit dem Bau des Pfarrhauses begonnen. Es dauerte aber noch bis Oktober 1966, ehe der erste Seelsorger des Bezirks Nord in das neue Haus an der Hubertstra\u00dfe in Nordb\u00f6gge einziehen konnte.<\/p>\n\n\n<div class=\"wp-block-image\">\n<figure class=\"aligncenter size-full is-resized\"><img loading=\"lazy\" decoding=\"async\" width=\"520\" height=\"390\" src=\"https:\/\/fvbh.de\/wp-content\/uploads\/2025\/06\/Bonhoeffer_2-520x390-2.jpg\" alt=\"\" class=\"wp-image-64\" style=\"width:520px;height:auto\" srcset=\"https:\/\/fvbh.de\/wp-content\/uploads\/2025\/06\/Bonhoeffer_2-520x390-2.jpg 520w, https:\/\/fvbh.de\/wp-content\/uploads\/2025\/06\/Bonhoeffer_2-520x390-2-300x225.jpg 300w\" sizes=\"auto, (max-width: 520px) 100vw, 520px\" \/><figcaption class=\"wp-element-caption\">Bonheffer-Haus 2018 mit neu gestaltetem Eingangsbereich<\/figcaption><\/figure>\n<\/div>\n\n\n<p class=\"wp-block-paragraph\">Die Planung f\u00fcr das Gemeindezentrum Nordb\u00f6gge dauerte unterdessen bis sie 1969 so weit gediehen war, das mit dem Bau begonnen werden konnte. Die Grundsteinlegung fand am 08.02.1969 und die Einweihung am 21.12.1969 statt. Das Haus erhielt den Namen \u201eDietrich-Bonhoeffer-Haus\u201c. Im vollbesetzen Gemeindesaal erfolgte die Schl\u00fcssel\u00fcbergabe durch den Architekten Gustav Keinemann aus Herringen an den Superintendanten Helmut Barutzky, der ihn an den Vorsitzenden des Presbyteriums, Pfarrer Siegfried Boeddinghaus weitergab. Mit dankbaren Worten \u00fcbernahm dann der Bezirkspastor Ernst Herrmann den Schl\u00fcssel. Kirchenmeister Erich Darenberg gab einen R\u00fcckblick \u00fcber die Entstehung des Hauses und sprach allen Beteiligten den besonderen Dank aus. Die Gesamtkosten lieliefen sich auf 318.563,57 DM. Hiervon hatte der Kirchenbau-Verein jahrelang von den Gemeindemitgliedern an Sprenden 68.563,57 DM eingesammelt. Grussworte entrichten der katholische Pfarrer Zyprian und weitere G\u00e4ste. F\u00fcr die politische Gemeinde sagte Ortsvorsteher Wilhelm Funke: \u201eM\u00f6ge dieses Haus nur friedlichen Zeiten entgegengehen und Gottes Segen immer auf ihm ruhen\u201c. Ein langersehnter Wunsch er evangelischen Gemeindemitglieder in Nordb\u00f6gge war in Erf\u00fcllung gegangen.<\/p>\n\n\n<div class=\"wp-block-image\">\n<figure class=\"aligncenter size-large\"><img loading=\"lazy\" decoding=\"async\" width=\"527\" height=\"1024\" src=\"https:\/\/fvbh.de\/wp-content\/uploads\/2025\/06\/Bonhoeffer_4-527x1024.jpg\" alt=\"\" class=\"wp-image-65\" srcset=\"https:\/\/fvbh.de\/wp-content\/uploads\/2025\/06\/Bonhoeffer_4-527x1024.jpg 527w, https:\/\/fvbh.de\/wp-content\/uploads\/2025\/06\/Bonhoeffer_4-154x300.jpg 154w, https:\/\/fvbh.de\/wp-content\/uploads\/2025\/06\/Bonhoeffer_4-768x1492.jpg 768w, https:\/\/fvbh.de\/wp-content\/uploads\/2025\/06\/Bonhoeffer_4-791x1536.jpg 791w, https:\/\/fvbh.de\/wp-content\/uploads\/2025\/06\/Bonhoeffer_4-1054x2048.jpg 1054w, https:\/\/fvbh.de\/wp-content\/uploads\/2025\/06\/Bonhoeffer_4-scaled.jpg 1318w\" sizes=\"auto, (max-width: 527px) 100vw, 527px\" \/><figcaption class=\"wp-element-caption\">Gr\u00fcndungsurkunde des Bonhoeffer-Haus<\/figcaption><\/figure>\n<\/div>\n\n\n<p class=\"wp-block-paragraph\"><em>Quellen: Geschichte der Evangelischen Kirchengemeinde B\u00f6nen<\/em><\/p>\n\n\n\n<p class=\"wp-block-paragraph\"><\/p>\n","protected":false},"excerpt":{"rendered":"<p>Eine besondere Bedeutung hatte das Jahr 1961 f\u00fcr die Gemeindemitglieder in Nordb\u00f6gge. Im September wurde der Kirchbauverein e.V. Nordb\u00f6gge gegr\u00fcndet. Infolge des Baus neuer Siedlungen und des Zuzugs vieler B\u00fcrger nach Nordb\u00f6gge war nach dem Kriegsende die Zahl der evangelischen &hellip; <a href=\"https:\/\/fvbh.de\/?page_id=50\">Weiterlesen <span class=\"meta-nav\">&rarr;<\/span><\/a><\/p>\n","protected":false},"author":2,"featured_media":0,"parent":0,"menu_order":0,"comment_status":"closed","ping_status":"closed","template":"","meta":{"_crdt_document":"","footnotes":""},"class_list":["post-50","page","type-page","status-publish","hentry"],"_links":{"self":[{"href":"https:\/\/fvbh.de\/index.php?rest_route=\/wp\/v2\/pages\/50","targetHints":{"allow":["GET"]}}],"collection":[{"href":"https:\/\/fvbh.de\/index.php?rest_route=\/wp\/v2\/pages"}],"about":[{"href":"https:\/\/fvbh.de\/index.php?rest_route=\/wp\/v2\/types\/page"}],"author":[{"embeddable":true,"href":"https:\/\/fvbh.de\/index.php?rest_route=\/wp\/v2\/users\/2"}],"replies":[{"embeddable":true,"href":"https:\/\/fvbh.de\/index.php?rest_route=%2Fwp%2Fv2%2Fcomments&post=50"}],"version-history":[{"count":3,"href":"https:\/\/fvbh.de\/index.php?rest_route=\/wp\/v2\/pages\/50\/revisions"}],"predecessor-version":[{"id":106,"href":"https:\/\/fvbh.de\/index.php?rest_route=\/wp\/v2\/pages\/50\/revisions\/106"}],"wp:attachment":[{"href":"https:\/\/fvbh.de\/index.php?rest_route=%2Fwp%2Fv2%2Fmedia&parent=50"}],"curies":[{"name":"wp","href":"https:\/\/api.w.org\/{rel}","templated":true}]}}